{"id":37666,"date":"2015-04-23T12:57:21","date_gmt":"2015-04-23T12:57:21","guid":{"rendered":"https:\/\/noramarmara.com\/stagging\/sartlar-ve-kosullar\/"},"modified":"2025-04-23T13:13:17","modified_gmt":"2025-04-23T13:13:17","slug":"sartlar-ve-kosullar","status":"publish","type":"page","link":"https:\/\/www.noramarmara.com\/tr\/sartlar-ve-kosullar\/","title":{"rendered":"\u015eartlar ve Ko\u015fullar"},"content":{"rendered":"<body><p>Bu Gizlilik Politikas\u0131, Real Estate WordPress Theme\u2019in http:\/\/wprentals.org\/ web sitesinin (\u201cSite\u201d) kullan\u0131c\u0131lar\u0131ndan (\u201cKullan\u0131c\u0131\u201d) toplad\u0131\u011f\u0131 bilgileri toplama, kullanma, muhafaza etme ve a\u00e7\u0131klama \u015feklini d\u00fczenler. Bu gizlilik politikas\u0131, Site ve Real Estate WordPress Theme taraf\u0131ndan sunulan t\u00fcm \u00fcr\u00fcn ve hizmetler i\u00e7in ge\u00e7erlidir. <\/p>\n<p><b>Ki\u015fisel Tan\u0131mlama Bilgileri<\/b><\/p>\n<p>Site\u2019mizde sundu\u011fumuz faaliyetler, hizmetler, \u00f6zellikler veya kaynaklarla ba\u011flant\u0131l\u0131 olarak Kullan\u0131c\u0131lardan \u00e7e\u015fitli yollarla ki\u015fisel tan\u0131mlama bilgileri toplayabiliriz. Kullan\u0131c\u0131lar Site\u2019mizi anonim olarak ziyaret edebilirler. Kullan\u0131c\u0131lardan yaln\u0131zca g\u00f6n\u00fcll\u00fc olarak bize bu t\u00fcr bilgileri sunmalar\u0131 halinde ki\u015fisel tan\u0131mlama bilgileri toplayaca\u011f\u0131z. Kullan\u0131c\u0131lar her zaman ki\u015fisel tan\u0131mlama bilgilerini vermeyi reddedebilirler, ancak bu durum belirli Site ile ilgili faaliyetlere kat\u0131lmalar\u0131n\u0131 engelleyebilir.<\/p>\n<p><b>Ki\u015fisel Olmayan Tan\u0131mlama Bilgileri<\/b><\/p>\n<p>Kullan\u0131c\u0131lar Site\u2019mizle etkile\u015fimde bulunduklar\u0131 her zaman ki\u015fisel olmayan tan\u0131mlama bilgileri toplayabiliriz. Ki\u015fisel olmayan tan\u0131mlama bilgileri; taray\u0131c\u0131 ad\u0131, bilgisayar t\u00fcr\u00fc ve Kullan\u0131c\u0131lar\u0131n Site\u2019mize ba\u011flanma ara\u00e7lar\u0131 hakk\u0131nda i\u015fletim sistemi, kullan\u0131lan \u0130nternet servis sa\u011flay\u0131c\u0131lar\u0131 ve di\u011fer benzer bilgiler gibi teknik bilgileri i\u00e7erebilir. <\/p>\n<p><b>Web Taray\u0131c\u0131s\u0131 \u00c7erezleri<\/b><\/p>\n<p>Site\u2019miz, Kullan\u0131c\u0131 deneyimini geli\u015ftirmek i\u00e7in \u201c\u00e7erezler\u201d kullanabilir. Kullan\u0131c\u0131n\u0131n web taray\u0131c\u0131s\u0131, kay\u0131t tutma amac\u0131yla ve bazen onlar hakk\u0131nda bilgi izlemek i\u00e7in sabit disklerine \u00e7erezler yerle\u015ftirir. Kullan\u0131c\u0131, web taray\u0131c\u0131s\u0131n\u0131 \u00e7erezleri reddetmeye veya \u00e7erezler g\u00f6nderilirken uyar\u0131 vermeye ayarlayabilir. Bunu yaparlarsa, Site\u2019nin baz\u0131 b\u00f6l\u00fcmlerinin d\u00fczg\u00fcn \u00e7al\u0131\u015fmayabilece\u011fini unutmay\u0131n.   <\/p>\n<p><b>Bilgilerinizi Nas\u0131l Koruyoruz<\/b><\/p>\n<p>Ki\u015fisel bilgilerinizin, kullan\u0131c\u0131 ad\u0131n\u0131z\u0131n, \u015fifrenizin, i\u015flem bilgilerinizin ve Site\u2019mizde depolanan verilerin yetkisiz eri\u015fimine, de\u011fi\u015ftirilmesine, if\u015fa edilmesine veya imha edilmesine kar\u015f\u0131 korumak i\u00e7in uygun veri toplama, depolama ve i\u015fleme uygulamalar\u0131 ile g\u00fcvenlik \u00f6nlemleri benimsemekteyiz.<\/p>\n<p><b>Ki\u015fisel Bilgilerinizin Payla\u015f\u0131lmas\u0131<\/b><\/p>\n<p>Kullan\u0131c\u0131lar\u0131n ki\u015fisel tan\u0131mlama bilgilerini ba\u015fkalar\u0131na satmaz, takas etmez veya kiralamay\u0131z. Yukar\u0131da belirtilen ama\u00e7lar do\u011frultusunda, ziyaret\u00e7iler ve kullan\u0131c\u0131lar hakk\u0131nda herhangi bir ki\u015fisel tan\u0131mlama bilgisine ba\u011fl\u0131 olmayan genel toplu demografik bilgileri i\u015f ortaklar\u0131m\u0131z, g\u00fcvenilir ba\u011fl\u0131 kurulu\u015flar\u0131m\u0131z ve reklamverenlerimizle payla\u015fabiliriz. <\/p>\n<p><b>Bu Gizlilik Politikas\u0131nda Yap\u0131lacak De\u011fi\u015fiklikler<\/b><\/p>\n<p>Real Estate WordPress Theme, i\u015fbu gizlilik politikas\u0131n\u0131 herhangi bir zamanda g\u00fcncelleme yetkisine sahiptir. Bunu yapt\u0131\u011f\u0131m\u0131zda, bu sayfan\u0131n alt k\u0131sm\u0131ndaki g\u00fcncelleme tarihini revize edece\u011fiz. Toplad\u0131\u011f\u0131m\u0131z ki\u015fisel bilgileri nas\u0131l korudu\u011fumuz hakk\u0131nda bilgi sahibi olmak i\u00e7in Kullan\u0131c\u0131lar\u0131 bu sayfay\u0131 s\u0131k s\u0131k kontrol etmeye te\u015fvik ediyoruz. Bu gizlilik politikas\u0131n\u0131 periyodik olarak g\u00f6zden ge\u00e7irmek ve de\u011fi\u015fikliklerden haberdar olmak sizin sorumlulu\u011funuzda oldu\u011funu kabul etmektesiniz.   <\/p>\n<p><b>Bu \u015eartlar\u0131n Kabul\u00fc<\/b><\/p>\n<p>Bu Site\u2019yi kullanarak, bu politikay\u0131 kabul etti\u011finizi beyan etmektesiniz. Bu politikay\u0131 kabul etmiyorsan\u0131z, l\u00fctfen Site\u2019mizi kullanmay\u0131n\u0131z. Bu politikada yap\u0131lan de\u011fi\u015fikliklerin yay\u0131nlanmas\u0131n\u0131n ard\u0131ndan Site\u2019yi kullanmaya devam etmeniz, bu de\u011fi\u015fiklikleri kabul etti\u011finiz anlam\u0131na gelecektir.  <\/p>\n<\/body>","protected":false},"excerpt":{"rendered":"<p>Bu Gizlilik Politikas\u0131, Real Estate WordPress Theme\u2019in http:\/\/wprentals.org\/ web sitesinin (\u201cSite\u201d) kullan\u0131c\u0131lar\u0131ndan (\u201cKullan\u0131c\u0131\u201d) toplad\u0131\u011f\u0131 bilgileri toplama, kullanma, muhafaza etme ve a\u00e7\u0131klama \u015feklini d\u00fczenler. Bu gizlilik politikas\u0131, Site ve Real Estate WordPress Theme taraf\u0131ndan sunulan t\u00fcm \u00fcr\u00fcn ve hizmetler i\u00e7in ge\u00e7erlidir. Ki\u015fisel Tan\u0131mlama Bilgileri Site\u2019mizde sundu\u011fumuz faaliyetler, hizmetler, \u00f6zellikler veya kaynaklarla ba\u011flant\u0131l\u0131 olarak Kullan\u0131c\u0131lardan \u00e7e\u015fitli yollarla &#8230;<\/p>\n","protected":false},"author":10,"featured_media":0,"parent":0,"menu_order":0,"comment_status":"closed","ping_status":"closed","template":"terms_conditions.php","meta":{"nf_dc_page":"","inline_featured_image":false,"_monsterinsights_skip_tracking":false,"_monsterinsights_sitenote_active":false,"_monsterinsights_sitenote_note":"","_monsterinsights_sitenote_category":0,"footnotes":""},"class_list":["post-37666","page","type-page","status-publish","hentry"],"aioseo_notices":[],"_links":{"self":[{"href":"https:\/\/www.noramarmara.com\/tr\/wp-json\/wp\/v2\/pages\/37666","targetHints":{"allow":["GET"]}}],"collection":[{"href":"https:\/\/www.noramarmara.com\/tr\/wp-json\/wp\/v2\/pages"}],"about":[{"href":"https:\/\/www.noramarmara.com\/tr\/wp-json\/wp\/v2\/types\/page"}],"author":[{"embeddable":true,"href":"https:\/\/www.noramarmara.com\/tr\/wp-json\/wp\/v2\/users\/10"}],"replies":[{"embeddable":true,"href":"https:\/\/www.noramarmara.com\/tr\/wp-json\/wp\/v2\/comments?post=37666"}],"version-history":[{"count":1,"href":"https:\/\/www.noramarmara.com\/tr\/wp-json\/wp\/v2\/pages\/37666\/revisions"}],"predecessor-version":[{"id":44976,"href":"https:\/\/www.noramarmara.com\/tr\/wp-json\/wp\/v2\/pages\/37666\/revisions\/44976"}],"wp:attachment":[{"href":"https:\/\/www.noramarmara.com\/tr\/wp-json\/wp\/v2\/media?parent=37666"}],"curies":[{"name":"wp","href":"https:\/\/api.w.org\/{rel}","templated":true}]}}