{"id":37668,"date":"2019-08-06T10:53:44","date_gmt":"2019-08-06T10:53:44","guid":{"rendered":"https:\/\/noramarmara.com\/stagging\/gdpr-hukum-ve-kosullari\/"},"modified":"2019-08-06T10:53:44","modified_gmt":"2019-08-06T10:53:44","slug":"gdpr-hukum-ve-kosullari","status":"publish","type":"page","link":"https:\/\/www.noramarmara.com\/tr\/gdpr-hukum-ve-kosullari\/","title":{"rendered":"GDPR H\u00fck\u00fcm ve Ko\u015fullar\u0131"},"content":{"rendered":"<body><h1 class=\"entry-title\">GDPR H\u00fck\u00fcm ve Ko\u015fullar\u0131<\/h1>\n<div class=\"single-content\">\n<h3>Kimiz<\/h3>\n<p>Bu i\u00e7eri\u011fi diledi\u011finiz gibi d\u00fczenleyiniz. Web sitemizin adresi: <\/p>\n<h3>Yorumlar<\/h3>\n<p>Ziyaret\u00e7iler sitemizde yorum b\u0131rakt\u0131\u011f\u0131nda, yorum formunda g\u00f6sterilen verileri ve ayr\u0131ca spam tespitine yard\u0131mc\u0131 olmak i\u00e7in ziyaret\u00e7inin IP adresi ve taray\u0131c\u0131 kullan\u0131c\u0131 arac\u0131s\u0131 dizesini toplar\u0131z.<\/p>\n<p>E-posta adresinizden olu\u015fturulan anonimle\u015ftirilmi\u015f bir dize (hash olarak da adland\u0131r\u0131l\u0131r), Gravatar hizmetini kullan\u0131p kullanmad\u0131\u011f\u0131n\u0131z\u0131 g\u00f6rmek i\u00e7in Gravatar hizmetine sa\u011flanabilir. Gravatar hizmetinin gizlilik politikas\u0131na \u015fu adresten ula\u015f\u0131labilir: https:\/\/automattic.com\/privacy\/. Yorumunuzun onaylanmas\u0131ndan sonra, profil resminiz yorumunuzun ba\u011flam\u0131nda kamuya a\u00e7\u0131k olarak g\u00f6r\u00fcn\u00fcr. <\/p>\n<h3>Medya<\/h3>\n<p>Web sitesine g\u00f6r\u00fcnt\u00fcler y\u00fckl\u00fcyorsan\u0131z, g\u00f6m\u00fcl\u00fc konum verileri (EXIF GPS) i\u00e7eren g\u00f6r\u00fcnt\u00fcler y\u00fcklemekten ka\u00e7\u0131nmal\u0131s\u0131n\u0131z. Web sitesinin ziyaret\u00e7ileri, web sitesindeki g\u00f6r\u00fcnt\u00fclerden herhangi bir konum verisini indirebilir ve \u00e7\u0131karabilir. <\/p>\n<h3>\u00c7erezler<\/h3>\n<p>Sitemizde bir yorum b\u0131rak\u0131rsan\u0131z, ad\u0131n\u0131z\u0131, e-posta adresinizi ve web sitenizi \u00e7erezlerde kaydetmeyi se\u00e7ebilirsiniz. Bunlar, ba\u015fka bir yorum b\u0131rakt\u0131\u011f\u0131n\u0131zda bilgilerinizi tekrar doldurman\u0131z gerekmemesi i\u00e7in sizin rahatl\u0131\u011f\u0131n\u0131z i\u00e7indir. Bu \u00e7erezler bir y\u0131l s\u00fcreyle saklan\u0131r.  <\/p>\n<p>Bir hesab\u0131n\u0131z varsa ve bu siteye giri\u015f yaparsan\u0131z, taray\u0131c\u0131n\u0131z\u0131n \u00e7erezleri kabul edip etmedi\u011fini belirlemek i\u00e7in ge\u00e7ici bir \u00e7erez ayarlayaca\u011f\u0131z. Bu \u00e7erez hi\u00e7bir ki\u015fisel veri i\u00e7ermez ve taray\u0131c\u0131n\u0131z\u0131 kapatt\u0131\u011f\u0131n\u0131zda at\u0131l\u0131r. <\/p>\n<p>Giri\u015f yapt\u0131\u011f\u0131n\u0131zda, giri\u015f bilgilerinizi ve ekran g\u00f6r\u00fcnt\u00fcleme se\u00e7eneklerinizi kaydetmek i\u00e7in birka\u00e7 \u00e7erez de ayarlayaca\u011f\u0131z. Giri\u015f \u00e7erezleri iki g\u00fcn ve ekran se\u00e7enekleri \u00e7erezleri bir y\u0131l s\u00fcreyle ge\u00e7erlidir. \u2018Beni Hat\u0131rla\u2019 se\u00e7ene\u011fini i\u015faretlerseniz, giri\u015f bilgileriniz iki hafta boyunca devam eder. Hesab\u0131n\u0131zdan \u00e7\u0131k\u0131\u015f yaparsan\u0131z, giri\u015f \u00e7erezleri kald\u0131r\u0131lacakt\u0131r.   <\/p>\n<p>Bir makaleyi d\u00fczenler veya yay\u0131nlarsan\u0131z, taray\u0131c\u0131n\u0131za ek bir \u00e7erez kaydedilecektir. Bu \u00e7erez hi\u00e7bir ki\u015fisel veri i\u00e7ermez ve sadece d\u00fczenledi\u011finiz makalenin g\u00f6nderi kimli\u011fini belirtir. 1 g\u00fcn sonra sona erer.  <\/p>\n<h3>Di\u011fer web sitelerinden g\u00f6m\u00fcl\u00fc i\u00e7erik<\/h3>\n<p>Bu sitedeki makaleler g\u00f6m\u00fcl\u00fc i\u00e7erik (\u00f6rne\u011fin videolar, resimler, makaleler vb.) i\u00e7erebilir. Di\u011fer web sitelerinden g\u00f6m\u00fclen i\u00e7erik, ziyaret\u00e7inin di\u011fer web sitesini ziyaret etmi\u015f gibi tam olarak ayn\u0131 \u015fekilde davran\u0131r. <\/p>\n<p>Bu web siteleri sizinle ilgili veri toplayabilir, \u00e7erezler kullanabilir, \u00fc\u00e7\u00fcnc\u00fc taraf takibi g\u00f6mebilir ve o g\u00f6m\u00fcl\u00fc i\u00e7erikle etkile\u015fiminizi izleyebilir, e\u011fer o web sitesinde bir hesab\u0131n\u0131z varsa ve giri\u015f yapm\u0131\u015fsan\u0131z g\u00f6m\u00fcl\u00fc i\u00e7erikle etkile\u015fiminizi takip etmek de dahil olmak \u00fczere.<\/p>\n<h3>Verilerinizi ne kadar s\u00fcre saklar\u0131z<\/h3>\n<p>Bir yorum b\u0131rak\u0131rsan\u0131z, yorum ve meta verileri s\u00fcresiz olarak saklan\u0131r. Bu, takip eden yorumlar\u0131 bir moderasyon kuyru\u011funda tutmak yerine otomatik olarak tan\u0131yabilmemiz ve onaylayabilmemiz i\u00e7indir. <\/p>\n<p>Web sitemize kay\u0131t olan kullan\u0131c\u0131lar i\u00e7in (varsa), kullan\u0131c\u0131 profillerinde sa\u011flad\u0131klar\u0131 ki\u015fisel bilgileri de saklar\u0131z. T\u00fcm kullan\u0131c\u0131lar ki\u015fisel bilgilerini istedikleri zaman g\u00f6rebilir, d\u00fczenleyebilir veya silebilir (kullan\u0131c\u0131 adlar\u0131n\u0131 de\u011fi\u015ftiremezler). Web sitesi y\u00f6neticileri de bu bilgileri g\u00f6rebilir ve d\u00fczenleyebilir.  <\/p>\n<h3>Verileriniz \u00fczerinde hangi haklara sahipsiniz<\/h3>\n<p>Bu sitede bir hesab\u0131n\u0131z varsa veya yorum b\u0131rakt\u0131ysan\u0131z, bizim hakk\u0131n\u0131zda tuttu\u011fumuz ki\u015fisel verilerin d\u0131\u015fa aktar\u0131lm\u0131\u015f bir dosyas\u0131n\u0131 alma talebinde bulunabilirsiniz, bize sa\u011flad\u0131\u011f\u0131n\u0131z herhangi bir veri dahil olmak \u00fczere. Ayr\u0131ca, hakk\u0131n\u0131zda tuttu\u011fumuz herhangi bir ki\u015fisel verinin silinmesini de talep edebilirsiniz. Bu, idari, yasal veya g\u00fcvenlik ama\u00e7lar\u0131yla saklamak zorunda oldu\u011fumuz herhangi bir veriyi i\u00e7ermez.  <\/p>\n<\/div>\n<\/body>","protected":false},"excerpt":{"rendered":"<p>GDPR H\u00fck\u00fcm ve Ko\u015fullar\u0131 Kimiz Bu i\u00e7eri\u011fi diledi\u011finiz gibi d\u00fczenleyiniz. Web sitemizin adresi: Yorumlar Ziyaret\u00e7iler sitemizde yorum b\u0131rakt\u0131\u011f\u0131nda, yorum formunda g\u00f6sterilen verileri ve ayr\u0131ca spam tespitine yard\u0131mc\u0131 olmak i\u00e7in ziyaret\u00e7inin IP adresi ve taray\u0131c\u0131 kullan\u0131c\u0131 arac\u0131s\u0131 dizesini toplar\u0131z. E-posta adresinizden olu\u015fturulan anonimle\u015ftirilmi\u015f bir dize (hash olarak da adland\u0131r\u0131l\u0131r), Gravatar hizmetini kullan\u0131p kullanmad\u0131\u011f\u0131n\u0131z\u0131 g\u00f6rmek i\u00e7in Gravatar &#8230;<\/p>\n","protected":false},"author":10,"featured_media":0,"parent":0,"menu_order":0,"comment_status":"closed","ping_status":"closed","template":"gdpr_terms.php","meta":{"nf_dc_page":"","inline_featured_image":false,"_monsterinsights_skip_tracking":false,"_monsterinsights_sitenote_active":false,"_monsterinsights_sitenote_note":"","_monsterinsights_sitenote_category":0,"footnotes":""},"class_list":["post-37668","page","type-page","status-publish","hentry"],"aioseo_notices":[],"_links":{"self":[{"href":"https:\/\/www.noramarmara.com\/tr\/wp-json\/wp\/v2\/pages\/37668","targetHints":{"allow":["GET"]}}],"collection":[{"href":"https:\/\/www.noramarmara.com\/tr\/wp-json\/wp\/v2\/pages"}],"about":[{"href":"https:\/\/www.noramarmara.com\/tr\/wp-json\/wp\/v2\/types\/page"}],"author":[{"embeddable":true,"href":"https:\/\/www.noramarmara.com\/tr\/wp-json\/wp\/v2\/users\/10"}],"replies":[{"embeddable":true,"href":"https:\/\/www.noramarmara.com\/tr\/wp-json\/wp\/v2\/comments?post=37668"}],"version-history":[{"count":0,"href":"https:\/\/www.noramarmara.com\/tr\/wp-json\/wp\/v2\/pages\/37668\/revisions"}],"wp:attachment":[{"href":"https:\/\/www.noramarmara.com\/tr\/wp-json\/wp\/v2\/media?parent=37668"}],"curies":[{"name":"wp","href":"https:\/\/api.w.org\/{rel}","templated":true}]}}