{"id":37677,"date":"2021-09-02T08:52:13","date_gmt":"2021-09-02T08:52:13","guid":{"rendered":"https:\/\/noramarmara.com\/stagging\/iptal-politikasi\/"},"modified":"2025-04-22T11:32:43","modified_gmt":"2025-04-22T11:32:43","slug":"iptal-politikasi","status":"publish","type":"page","link":"https:\/\/www.noramarmara.com\/tr\/iptal-politikasi\/","title":{"rendered":"\u0130ptal Politikas\u0131"},"content":{"rendered":"<body>\n<p><strong>Bir misafir acil bir durum nedeniyle iptal etmek zorunda kal\u0131rsa ne olur?<\/strong><br>Bir misafir acil bir durum nedeniyle iptal etmek zorunda kal\u0131rsa, geri \u00f6deme yapabilme imk\u00e2n\u0131m\u0131z olabilir. <\/p>\n\n<p><strong>Genel Bak\u0131\u015f<\/strong><br>Bu Ola\u011fan\u00fcst\u00fc Durumlar Politikas\u0131, rezervasyon yap\u0131ld\u0131ktan sonra kontrol\u00fcn\u00fcz d\u0131\u015f\u0131nda ortaya \u00e7\u0131kan ve rezervasyonunuzu tamamlaman\u0131z\u0131 imk\u00e2ns\u0131z veya yasa d\u0131\u015f\u0131 hale getiren \u00f6ng\u00f6r\u00fclemeyen olaylar durumunda iptallerin nas\u0131l ele al\u0131nd\u0131\u011f\u0131n\u0131 a\u00e7\u0131klar. Bu Politika, hem konaklama hem de Deneyimler i\u00e7in yap\u0131lan rezervasyonlar i\u00e7in ge\u00e7erlidir. <\/p>\n\n<p>Bu Politika iptale izin verdi\u011finde, rezervasyonun iptal politikas\u0131n\u0131 kontrol eder ve \u00f6ncelik ta\u015f\u0131r. Bu Politika kapsam\u0131nda bir olaydan etkilenen misafirler, rezervasyonlar\u0131n\u0131 iptal edebilir ve ko\u015fullara ba\u011fl\u0131 olarak nakit iade, seyahat kredisi ve\/veya di\u011fer tazminatlar\u0131 alabilirler. Bu Politika kapsam\u0131nda bir olaydan etkilenen ev sahipleri, olumsuz sonu\u00e7lar olmaks\u0131z\u0131n iptal edebilir, ancak ko\u015fullara ba\u011fl\u0131 olarak takvimleri iptal edilen rezervasyon tarihleri i\u00e7in bloke edilebilir.  <\/p>\n\n<p><strong>Hangi olaylar kapsama dahildir<\/strong><br>Bu Politika, rezervasyon yap\u0131ld\u0131ktan sonra meydana gelen, rezervasyon s\u0131ras\u0131nda \u00f6ng\u00f6r\u00fclemeyen ve rezervasyonun tamamlanmas\u0131n\u0131 engelleyen veya yasal olarak yasaklayan a\u015fa\u011f\u0131daki durumlar\u0131 ifade etmek i\u00e7in \u201cOlay\u201d terimini kullan\u0131r.<\/p>\n\n<p>Devlet seyahat gerekliliklerindeki de\u011fi\u015fiklikler. Bir devlet kurumu taraf\u0131ndan getirilen ve hedefe seyahati engelleyen vize veya pasaport gerekliliklerindeki beklenmedik de\u011fi\u015fiklikler. Bu, kaybolmu\u015f veya s\u00fcresi dolmu\u015f seyahat belgeleri veya misafirin seyahat yetkisiyle ilgili di\u011fer ki\u015fisel durumlar\u0131 kapsamaz.  <\/p>\n\n<p>\u0130lan edilen acil durumlar ve salg\u0131nlar. H\u00fck\u00fcmet taraf\u0131ndan ilan edilen yerel veya ulusal acil durumlar, salg\u0131nlar, pandemiler ve halk sa\u011fl\u0131\u011f\u0131 acil durumlar\u0131. Bu, bir b\u00f6lgeyle yayg\u0131n olarak ili\u015fkilendirilen veya endemik olan hastal\u0131klar\u0131 kapsamaz\u2014\u00f6rne\u011fin, Tayland\u2019da s\u0131tma veya Hawaii\u2019de dang hummas\u0131.  <\/p>\n\n<p>Devlet seyahat k\u0131s\u0131tlamalar\u0131. Bir devlet kurumu taraf\u0131ndan getirilen ve Listeleme konumuna seyahat etmeyi, orada kalmay\u0131 veya oradan d\u00f6nmeyi engelleyen veya yasaklayan seyahat k\u0131s\u0131tlamalar\u0131. Bu, ba\u011flay\u0131c\u0131 olmayan seyahat tavsiyelerini ve benzer h\u00fck\u00fcmet y\u00f6nlendirmelerini kapsamaz.  <\/p>\n\n<p>Askeri eylemler ve di\u011fer d\u00fc\u015fmanl\u0131klar. Sava\u015f eylemleri, d\u00fc\u015fmanl\u0131klar, istilalar, i\u00e7 sava\u015f, ter\u00f6rizm, patlamalar, bombalamalar\u0131, isyanlar, ayaklanmalar, ba\u015fkald\u0131r\u0131lar, sivil karga\u015fa ve sivil huzursuzluklar. <\/p>\n\n<p>Do\u011fal afetler. Do\u011fal afetler, m\u00fccbir sebepler, temel altyap\u0131 hizmetlerinin geni\u015f \u00e7apl\u0131 kesintileri, volkanik patlamalar, tsunamiler ve di\u011fer \u015fiddetli ve anormal hava olaylar\u0131. Bu, o b\u00f6lgede \u00f6ng\u00f6r\u00fclebilecek kadar yayg\u0131n olan hava veya do\u011fal ko\u015fullar\u0131 kapsamaz\u2014\u00f6rne\u011fin, Florida\u2019da kas\u0131rga mevsiminde meydana gelen kas\u0131rgalar.  <\/p>\n\n<p><strong>Neler kapsam d\u0131\u015f\u0131d\u0131r<\/strong><br>Di\u011fer her \u015fey. Bu Politika yaln\u0131zca yukar\u0131da a\u00e7\u0131klanan Olaylar i\u00e7in iptallere izin verir. Di\u011fer her \u015fey hari\u00e7 tutulmu\u015ftur. Bu Politikan\u0131n iptallere izin vermedi\u011fi durumlara \u00f6rnekler \u015funlar\u0131 i\u00e7erir: beklenmedik hastal\u0131k, rahats\u0131zl\u0131k veya yaralanma; j\u00fcri g\u00f6revi, mahkeme duru\u015fmalar\u0131 veya askeri g\u00f6revler gibi devlet y\u00fck\u00fcml\u00fcl\u00fckleri; seyahat tavsiyeleri veya di\u011fer h\u00fck\u00fcmet y\u00f6nlendirmeleri (seyahat yasa\u011f\u0131 veya yasaklamas\u0131n\u0131n alt\u0131nda kalanlar); rezervasyonun yap\u0131ld\u0131\u011f\u0131 bir etkinli\u011fin iptali veya yeniden planlanmas\u0131; ve kapsanan bir Olayla ilgisi olmayan yol kapanmalar\u0131 gibi ula\u015f\u0131m aksakl\u0131klar\u0131 ile u\u00e7ak, tren, otob\u00fcs ve feribot iptalleri. Bu durumlarda bir rezervasyonu iptal ederseniz, iade edilen miktar rezervasyona uygulanan iptal politikas\u0131 taraf\u0131ndan belirlenecektir.    <\/p>\n\n<p><strong>Bundan sonra ne yapmal\u0131<\/strong><br>E\u011fer bu Politikan\u0131n rezervasyonunuz i\u00e7in ge\u00e7erli oldu\u011funu size bildirirsek veya bu konuda bilgi yay\u0131nlarsak, l\u00fctfen sa\u011flad\u0131\u011f\u0131m\u0131z iptal talimatlar\u0131n\u0131 takip edin. Bu Politikan\u0131n nas\u0131l uygulanaca\u011f\u0131 hakk\u0131nda sizi bilgilendirdi\u011fimizde veya bilgi yay\u0131nlad\u0131\u011f\u0131m\u0131zda, Seyahatlerim sayfan\u0131za giderek ve etkilenen rezervasyonu iptal ederek bu Politika kapsam\u0131nda iptal se\u00e7ene\u011fine sahip olmal\u0131s\u0131n\u0131z. Bu Politikan\u0131n rezervasyonunuz i\u00e7in ge\u00e7erli oldu\u011funa inan\u0131yorsan\u0131z, ancak sizi bilgilendirmemi\u015f veya Olay hakk\u0131nda bilgi yay\u0131nlamam\u0131\u015fsak, l\u00fctfen rezervasyonunuzu iptal etmek i\u00e7in bizimle ileti\u015fime ge\u00e7in. T\u00fcm durumlarda, Olay\u0131n sizi veya rezervasyonunuzu nas\u0131l etkiledi\u011fini g\u00f6steren belgeleri sunmaya haz\u0131r olmal\u0131s\u0131n\u0131z.   <\/p>\n\n<p>Sorular\u0131n\u0131z varsa, l\u00fctfen bizimle ileti\u015fime ge\u00e7in.<\/p>\n\n<p>Dikkat edilmesi gereken di\u011fer hususlar<br>Bu Politika, y\u00fcr\u00fcrl\u00fck tarihinde veya sonras\u0131ndaki giri\u015f tarihine sahip t\u00fcm rezervasyonlar i\u00e7in ge\u00e7erlidir. Bu Politika, ayr\u0131 bir Luxe Misafir \u0130ade Politikas\u0131na tabi olan Luxe rezervasyonlar\u0131 i\u00e7in ge\u00e7erli de\u011fildir. <\/p>\n\n<p><strong>Geri \u00f6demenin al\u0131nmas\u0131 ne kadar s\u00fcrer?<\/strong><br>Geri \u00f6demeleri iptal i\u015fleminin hemen ard\u0131ndan g\u00f6ndeririz ve genellikle 3-5 g\u00fcn i\u00e7inde g\u00f6r\u00fcn\u00fcrler, ancak bazen orijinal \u00f6deme y\u00f6nteminde yans\u0131malar\u0131 15 g\u00fcne kadar s\u00fcrebilir. Brezilya ve Hindistan gibi baz\u0131 \u00fclkelerde, geri \u00f6demenin gelmesi 2 aya kadar s\u00fcrebilir. <\/p>\n\n<p><strong>Rezervasyonumun iptal politikas\u0131ndan emin de\u011filsem veya politika burada g\u00f6r\u00fcnm\u00fcyorsa ne olur?<\/strong><br>Zaman zaman ev sahiplerinin, test etmekte oldu\u011fumuz yeni politikalar\u0131 denemelerine izin vermekteyiz. Konaklaman\u0131za uygulanan iptal politikas\u0131 i\u00e7in her zaman rezervasyon detaylar\u0131n\u0131za ba\u015fvurunuz\u2014bu bilgilere eri\u015fiminiz mevcuttur. <\/p>\n<\/body>","protected":false},"excerpt":{"rendered":"<p>Bir misafir acil bir durum nedeniyle iptal etmek zorunda kal\u0131rsa ne olur?Bir misafir acil bir durum nedeniyle iptal etmek zorunda kal\u0131rsa, geri \u00f6deme yapabilme imk\u00e2n\u0131m\u0131z olabilir. Genel Bak\u0131\u015fBu Ola\u011fan\u00fcst\u00fc Durumlar Politikas\u0131, rezervasyon yap\u0131ld\u0131ktan sonra kontrol\u00fcn\u00fcz d\u0131\u015f\u0131nda ortaya \u00e7\u0131kan ve rezervasyonunuzu tamamlaman\u0131z\u0131 imk\u00e2ns\u0131z veya yasa d\u0131\u015f\u0131 hale getiren \u00f6ng\u00f6r\u00fclemeyen olaylar durumunda iptallerin nas\u0131l ele al\u0131nd\u0131\u011f\u0131n\u0131 a\u00e7\u0131klar. &#8230;<\/p>\n","protected":false},"author":10,"featured_media":0,"parent":0,"menu_order":0,"comment_status":"closed","ping_status":"closed","template":"","meta":{"nf_dc_page":"","inline_featured_image":false,"_monsterinsights_skip_tracking":false,"_monsterinsights_sitenote_active":false,"_monsterinsights_sitenote_note":"","_monsterinsights_sitenote_category":0,"footnotes":""},"class_list":["post-37677","page","type-page","status-publish","hentry"],"aioseo_notices":[],"_links":{"self":[{"href":"https:\/\/www.noramarmara.com\/tr\/wp-json\/wp\/v2\/pages\/37677","targetHints":{"allow":["GET"]}}],"collection":[{"href":"https:\/\/www.noramarmara.com\/tr\/wp-json\/wp\/v2\/pages"}],"about":[{"href":"https:\/\/www.noramarmara.com\/tr\/wp-json\/wp\/v2\/types\/page"}],"author":[{"embeddable":true,"href":"https:\/\/www.noramarmara.com\/tr\/wp-json\/wp\/v2\/users\/10"}],"replies":[{"embeddable":true,"href":"https:\/\/www.noramarmara.com\/tr\/wp-json\/wp\/v2\/comments?post=37677"}],"version-history":[{"count":1,"href":"https:\/\/www.noramarmara.com\/tr\/wp-json\/wp\/v2\/pages\/37677\/revisions"}],"predecessor-version":[{"id":37678,"href":"https:\/\/www.noramarmara.com\/tr\/wp-json\/wp\/v2\/pages\/37677\/revisions\/37678"}],"wp:attachment":[{"href":"https:\/\/www.noramarmara.com\/tr\/wp-json\/wp\/v2\/media?parent=37677"}],"curies":[{"name":"wp","href":"https:\/\/api.w.org\/{rel}","templated":true}]}}