{"id":44749,"date":"2025-04-23T10:05:38","date_gmt":"2025-04-23T10:05:38","guid":{"rendered":"https:\/\/noramarmara.com\/stagging\/book-a-villas-2\/"},"modified":"2025-04-30T15:33:33","modified_gmt":"2025-04-30T15:33:33","slug":"book-a-villas","status":"publish","type":"page","link":"https:\/\/www.noramarmara.com\/tr\/book-a-villas\/","title":{"rendered":"Villa Rezervasyonu"},"content":{"rendered":"<body>\t\t<div data-elementor-type=\"wp-page\" data-elementor-id=\"44749\" class=\"elementor elementor-44749 elementor-44746\" data-elementor-post-type=\"page\">\n\t\t\t\t<div class=\"elementor-element elementor-element-7370688 e-flex e-con-boxed e-con e-parent\" data-id=\"7370688\" data-element_type=\"container\" data-settings='{\"background_background\":\"classic\"}'>\n\t\t\t\t\t<div class=\"e-con-inner\">\n\t\t\t\t\t<\/div>\n\t\t\t\t<\/div>\n\t\t<div class=\"elementor-element elementor-element-d1afe9a e-flex e-con-boxed e-con e-parent\" data-id=\"d1afe9a\" data-element_type=\"container\">\n\t\t\t\t\t<div class=\"e-con-inner\">\n\t\t\t\t<div class=\"elementor-element elementor-element-a3c7548 elementor-widget elementor-widget-Wprentals_List_Items_By_Id\" data-id=\"a3c7548\" data-element_type=\"widget\" data-widget_type=\"Wprentals_List_Items_By_Id.default\">\n\t\t\t\t<div class=\"elementor-widget-container\">\n\t\t\t\t\t<div class=\" bottom-estate_property nobutton \"><div class=\" items_shortcode_wrapper\">\n\n\n<div itemscope itemtype=\"http:\/\/schema.org\/Product\" class=\"listing_wrapper col-md-4 shortcode-col property_unit_v4  property_flex \" data-org=\"4\" data-listid=\"44706\">\n\n    \n    <div class=\"property_listing \">\n        \n\n            <div class=\"listing-unit-img-wrapper\"><div class=\"property_unit_action\">\n    <span class=\"icon-fav icon-fav-off\" data-original-title=\"favorilere ekle\" data-postid=\"44706\">\n        <svg viewbox=\"0 0 32 32\" xmlns=\"http:\/\/www.w3.org\/2000\/svg\" aria-hidden=\"true\" role=\"presentation\" focusable=\"false\" style=\"display: block;  height: 24px; width: 24px; stroke: #fff; stroke-width: 2; overflow: visible;\">\n<path d=\"m16 28c7-4.733 14-10 14-17 0-1.792-.683-3.583-2.05-4.95-1.367-1.366-3.158-2.05-4.95-2.05-1.791 0-3.583.684-4.949 2.05l-2.051 2.051-2.05-2.051c-1.367-1.366-3.158-2.05-4.95-2.05-1.791 0-3.583.684-4.949 2.05-1.367 1.367-2.051 3.158-2.051 4.95 0 7 7 12.267 14 17z\"><\/path>\n<\/svg><\/span>\n    <\/div><a href=\"https:\/\/www.noramarmara.com\/owners\/abdulaziz\/\" class=\"owner_thumb\" style=\"background-image: url(https:\/\/www.noramarmara.com\/wp-content\/themes\/wprentals-child\/img\/default_user_small.png)\"><\/a><a href=\"https:\/\/www.noramarmara.com\/tr\/holiday-home\/villa-the-pool\/\" target=\"_self\"><img decoding=\"async\" itemprop=\"image\" src=\"https:\/\/www.noramarmara.com\/wp-content\/uploads\/2025\/04\/1-4-250x220-1.jpg\" class=\"b-lazy img-responsive wp-post-image lazy-hidden\" alt=\"Havuzlu villa\" loading=\"lazy\"><\/a><div class=\"price_unit_wrapper\"> <\/div><div class=\"\" itemprop=\"offers\" itemscope itemtype=\"http:\/\/schema.org\/Offer\"> <link itemprop=\"url\" href=\"https:\/\/www.noramarmara.com\/tr\/holiday-home\/villa-the-pool\/\"><meta itemprop=\"priceCurrency\" content=\"\u20ac\"><div class=\"price_unit\"><span itemprop=\"price\" content=\"279\">\u20ac 279<span class=\"pernight\"> \/gece<\/span><\/span><\/div><\/div><\/div>\n       \n\n            <div class=\"featured_div\">\u00f6ne \u00e7\u0131kan<\/div><div class=\"property_status_wrapper\"><div class=\"property_status status_verified-tr-2\">do\u011fruland\u0131<\/div><\/div>\n            <div class=\"wprentals-card-unit-details-wrapper\">\n\n                <div class=\"wprentals-card-unit-title-wrapper\">\n\n                    <a itemprop=\"url\" href=\"https:\/\/www.noramarmara.com\/tr\/holiday-home\/villa-the-pool\/\" class=\"listing_title_unit\">\n    \n    \n   <span itemprop=\"name\">\n    Havuzlu villa    <\/span>\n<\/a>                <\/div>\n\n\n                <div class=\"category_tagline actions_icon\">\n                    <a href=\"https:\/\/www.noramarmara.com\/tr\/listings\/villa-the-pool-tr-2\/\" rel=\"tag\">Villa Havuz<\/a> <span>\u00b7<\/span> <a href=\"https:\/\/www.noramarmara.com\/tr\/action\/tatil-evi\/\" rel=\"tag\">Tatil Evi<\/a>                <\/div>\n\n                <div class=\"category_tagline\">\n\n                    8 Misafir <span>\u00b7<\/span> 4 Yatak Odas\u0131 <span>\u00b7<\/span> 5 Banyo                \n                <\/div>\n            \n\n                <div class=\"\" itemprop=\"offers\" itemscope itemtype=\"http:\/\/schema.org\/Offer\"> <link itemprop=\"url\" href=\"https:\/\/www.noramarmara.com\/tr\/holiday-home\/villa-the-pool\/\"><meta itemprop=\"priceCurrency\" content=\"\u20ac\"><div class=\"price_unit\"><span itemprop=\"price\" content=\"279\">\u20ac 279<span class=\"pernight\"> \/gece<\/span><\/span><\/div><\/div>            <\/div>\n\n\n   \n\n\n\n\n\n    <\/div>\n<\/div>\n\n\n\n\n\n<div itemscope itemtype=\"http:\/\/schema.org\/Product\" class=\"listing_wrapper col-md-4 shortcode-col property_unit_v4  property_flex \" data-org=\"4\" data-listid=\"44710\">\n\n    \n    <div class=\"property_listing \">\n        \n\n            <div class=\"listing-unit-img-wrapper\"><div class=\"property_unit_action\">\n    <span class=\"icon-fav icon-fav-off\" data-original-title=\"favorilere ekle\" data-postid=\"44710\">\n        <svg viewbox=\"0 0 32 32\" xmlns=\"http:\/\/www.w3.org\/2000\/svg\" aria-hidden=\"true\" role=\"presentation\" focusable=\"false\" style=\"display: block;  height: 24px; width: 24px; stroke: #fff; stroke-width: 2; overflow: visible;\">\n<path d=\"m16 28c7-4.733 14-10 14-17 0-1.792-.683-3.583-2.05-4.95-1.367-1.366-3.158-2.05-4.95-2.05-1.791 0-3.583.684-4.949 2.05l-2.051 2.051-2.05-2.051c-1.367-1.366-3.158-2.05-4.95-2.05-1.791 0-3.583.684-4.949 2.05-1.367 1.367-2.051 3.158-2.051 4.95 0 7 7 12.267 14 17z\"><\/path>\n<\/svg><\/span>\n    <\/div><a href=\"https:\/\/www.noramarmara.com\/owners\/abdulaziz\/\" class=\"owner_thumb\" style=\"background-image: url(https:\/\/www.noramarmara.com\/wp-content\/themes\/wprentals-child\/img\/default_user_small.png)\"><\/a><a href=\"https:\/\/www.noramarmara.com\/tr\/holiday-home\/villa-the-jacuzzi-pool\/\" target=\"_self\"><img decoding=\"async\" itemprop=\"image\" src=\"https:\/\/www.noramarmara.com\/wp-content\/uploads\/2025\/04\/1745054843334-250x220-1.jpg\" class=\"b-lazy img-responsive wp-post-image lazy-hidden\" alt=\"Jakuzili villa\" loading=\"lazy\"><\/a><div class=\"price_unit_wrapper\"> <\/div><div class=\"\" itemprop=\"offers\" itemscope itemtype=\"http:\/\/schema.org\/Offer\"> <link itemprop=\"url\" href=\"https:\/\/www.noramarmara.com\/tr\/holiday-home\/villa-the-jacuzzi-pool\/\"><meta itemprop=\"priceCurrency\" content=\"\u20ac\"><div class=\"price_unit\"><span itemprop=\"price\" content=\"279\">\u20ac 279<span class=\"pernight\"> \/gece<\/span><\/span><\/div><\/div><\/div>\n       \n\n            <div class=\"featured_div\">\u00f6ne \u00e7\u0131kan<\/div><div class=\"property_status_wrapper\"><div class=\"property_status status_verified-tr-2\">do\u011fruland\u0131<\/div><\/div>\n            <div class=\"wprentals-card-unit-details-wrapper\">\n\n                <div class=\"wprentals-card-unit-title-wrapper\">\n\n                    <a itemprop=\"url\" href=\"https:\/\/www.noramarmara.com\/tr\/holiday-home\/villa-the-jacuzzi-pool\/\" class=\"listing_title_unit\">\n    \n    \n   <span itemprop=\"name\">\n    Jakuzili villa    <\/span>\n<\/a>                <\/div>\n\n\n                <div class=\"category_tagline actions_icon\">\n                    <a href=\"https:\/\/www.noramarmara.com\/tr\/listings\/villa-the-pool-tr-2\/\" rel=\"tag\">Villa Havuz<\/a> <span>\u00b7<\/span> <a href=\"https:\/\/www.noramarmara.com\/tr\/action\/tatil-evi\/\" rel=\"tag\">Tatil Evi<\/a>                <\/div>\n\n                <div class=\"category_tagline\">\n\n                    8 Misafir <span>\u00b7<\/span> 4 Yatak Odas\u0131 <span>\u00b7<\/span> 5 Banyo                \n                <\/div>\n            \n\n                <div class=\"\" itemprop=\"offers\" itemscope itemtype=\"http:\/\/schema.org\/Offer\"> <link itemprop=\"url\" href=\"https:\/\/www.noramarmara.com\/tr\/holiday-home\/villa-the-jacuzzi-pool\/\"><meta itemprop=\"priceCurrency\" content=\"\u20ac\"><div class=\"price_unit\"><span itemprop=\"price\" content=\"279\">\u20ac 279<span class=\"pernight\"> \/gece<\/span><\/span><\/div><\/div>            <\/div>\n\n\n   \n\n\n\n\n\n    <\/div>\n<\/div>\n\n\n\n\n\n<div itemscope itemtype=\"http:\/\/schema.org\/Product\" class=\"listing_wrapper col-md-4 shortcode-col property_unit_v4  property_flex \" data-org=\"4\" data-listid=\"44708\">\n\n    \n    <div class=\"property_listing \">\n        \n\n            <div class=\"listing-unit-img-wrapper\"><div class=\"property_unit_action\">\n    <span class=\"icon-fav icon-fav-off\" data-original-title=\"favorilere ekle\" data-postid=\"44708\">\n        <svg viewbox=\"0 0 32 32\" xmlns=\"http:\/\/www.w3.org\/2000\/svg\" aria-hidden=\"true\" role=\"presentation\" focusable=\"false\" style=\"display: block;  height: 24px; width: 24px; stroke: #fff; stroke-width: 2; overflow: visible;\">\n<path d=\"m16 28c7-4.733 14-10 14-17 0-1.792-.683-3.583-2.05-4.95-1.367-1.366-3.158-2.05-4.95-2.05-1.791 0-3.583.684-4.949 2.05l-2.051 2.051-2.05-2.051c-1.367-1.366-3.158-2.05-4.95-2.05-1.791 0-3.583.684-4.949 2.05-1.367 1.367-2.051 3.158-2.051 4.95 0 7 7 12.267 14 17z\"><\/path>\n<\/svg><\/span>\n    <\/div><a href=\"https:\/\/www.noramarmara.com\/owners\/abdulaziz\/\" class=\"owner_thumb\" style=\"background-image: url(https:\/\/www.noramarmara.com\/wp-content\/themes\/wprentals-child\/img\/default_user_small.png)\"><\/a><a href=\"https:\/\/www.noramarmara.com\/tr\/holiday-home\/villa-the-gardan\/\" target=\"_self\"><img decoding=\"async\" itemprop=\"image\" src=\"https:\/\/www.noramarmara.com\/wp-content\/uploads\/2025\/04\/1-2-250x220-1.png\" class=\"b-lazy img-responsive wp-post-image lazy-hidden\" alt=\"Bah\u00e7eli villa 1\" loading=\"lazy\"><\/a><div class=\"price_unit_wrapper\"> <\/div><div class=\"\" itemprop=\"offers\" itemscope itemtype=\"http:\/\/schema.org\/Offer\"> <link itemprop=\"url\" href=\"https:\/\/www.noramarmara.com\/tr\/holiday-home\/villa-the-gardan\/\"><meta itemprop=\"priceCurrency\" content=\"\u20ac\"><div class=\"price_unit\"><span itemprop=\"price\" content=\"257\">\u20ac 257<span class=\"pernight\"> \/gece<\/span><\/span><\/div><\/div><\/div>\n       \n\n            <div class=\"property_status_wrapper\"><div class=\"property_status status_verified-tr-2\">do\u011fruland\u0131<\/div><\/div>\n            <div class=\"wprentals-card-unit-details-wrapper\">\n\n                <div class=\"wprentals-card-unit-title-wrapper\">\n\n                    <a itemprop=\"url\" href=\"https:\/\/www.noramarmara.com\/tr\/holiday-home\/villa-the-gardan\/\" class=\"listing_title_unit\">\n    \n    \n   <span itemprop=\"name\">\n    Bah\u00e7eli villa 1    <\/span>\n<\/a>                <\/div>\n\n\n                <div class=\"category_tagline actions_icon\">\n                    <a href=\"https:\/\/www.noramarmara.com\/tr\/listings\/villa-tr-tr\/\" rel=\"tag\">Villa<\/a> <span>\u00b7<\/span> <a href=\"https:\/\/www.noramarmara.com\/tr\/action\/tatil-evi\/\" rel=\"tag\">Tatil Evi<\/a>                <\/div>\n\n                <div class=\"category_tagline\">\n\n                    8 Misafir <span>\u00b7<\/span> 4 Yatak Odas\u0131 <span>\u00b7<\/span> 5 Banyo                \n                <\/div>\n            \n\n                <div class=\"\" itemprop=\"offers\" itemscope itemtype=\"http:\/\/schema.org\/Offer\"> <link itemprop=\"url\" href=\"https:\/\/www.noramarmara.com\/tr\/holiday-home\/villa-the-gardan\/\"><meta itemprop=\"priceCurrency\" content=\"\u20ac\"><div class=\"price_unit\"><span itemprop=\"price\" content=\"257\">\u20ac 257<span class=\"pernight\"> \/gece<\/span><\/span><\/div><\/div>            <\/div>\n\n\n   \n\n\n\n\n\n    <\/div>\n<\/div>\n\n\n\n\n\n<div itemscope itemtype=\"http:\/\/schema.org\/Product\" class=\"listing_wrapper col-md-4 shortcode-col property_unit_v4  property_flex \" data-org=\"4\" data-listid=\"44702\">\n\n    \n    <div class=\"property_listing \">\n        \n\n            <div class=\"listing-unit-img-wrapper\"><div class=\"property_unit_action\">\n    <span class=\"icon-fav icon-fav-off\" data-original-title=\"favorilere ekle\" data-postid=\"44702\">\n        <svg viewbox=\"0 0 32 32\" xmlns=\"http:\/\/www.w3.org\/2000\/svg\" aria-hidden=\"true\" role=\"presentation\" focusable=\"false\" style=\"display: block;  height: 24px; width: 24px; stroke: #fff; stroke-width: 2; overflow: visible;\">\n<path d=\"m16 28c7-4.733 14-10 14-17 0-1.792-.683-3.583-2.05-4.95-1.367-1.366-3.158-2.05-4.95-2.05-1.791 0-3.583.684-4.949 2.05l-2.051 2.051-2.05-2.051c-1.367-1.366-3.158-2.05-4.95-2.05-1.791 0-3.583.684-4.949 2.05-1.367 1.367-2.051 3.158-2.051 4.95 0 7 7 12.267 14 17z\"><\/path>\n<\/svg><\/span>\n    <\/div><a href=\"https:\/\/www.noramarmara.com\/owners\/abdulaziz\/\" class=\"owner_thumb\" style=\"background-image: url(https:\/\/www.noramarmara.com\/wp-content\/themes\/wprentals-child\/img\/default_user_small.png)\"><\/a><a href=\"https:\/\/www.noramarmara.com\/tr\/holiday-home\/villa-the-gardan-2\/\" target=\"_self\"><img decoding=\"async\" itemprop=\"image\" src=\"https:\/\/www.noramarmara.com\/wp-content\/uploads\/2025\/04\/1-8-400x314.jpg\" class=\"b-lazy img-responsive wp-post-image lazy-hidden\" alt=\"Bah\u00e7eli villa 2\" loading=\"lazy\"><\/a><div class=\"price_unit_wrapper\"> <\/div><div class=\"\" itemprop=\"offers\" itemscope itemtype=\"http:\/\/schema.org\/Offer\"> <link itemprop=\"url\" href=\"https:\/\/www.noramarmara.com\/tr\/holiday-home\/villa-the-gardan-2\/\"><meta itemprop=\"priceCurrency\" content=\"\u20ac\"><div class=\"price_unit\"><span itemprop=\"price\" content=\"257\">\u20ac 257<span class=\"pernight\"> \/gece<\/span><\/span><\/div><\/div><\/div>\n       \n\n            <div class=\"property_status_wrapper\"><div class=\"property_status status_verified-tr-2\">do\u011fruland\u0131<\/div><\/div>\n            <div class=\"wprentals-card-unit-details-wrapper\">\n\n                <div class=\"wprentals-card-unit-title-wrapper\">\n\n                    <a itemprop=\"url\" href=\"https:\/\/www.noramarmara.com\/tr\/holiday-home\/villa-the-gardan-2\/\" class=\"listing_title_unit\">\n    \n    \n   <span itemprop=\"name\">\n    Bah\u00e7eli villa 2    <\/span>\n<\/a>                <\/div>\n\n\n                <div class=\"category_tagline actions_icon\">\n                    <a href=\"https:\/\/www.noramarmara.com\/tr\/listings\/villa-tr-2\/\" rel=\"tag\">Villa<\/a> <span>\u00b7<\/span> <a href=\"https:\/\/www.noramarmara.com\/tr\/action\/tatil-evi\/\" rel=\"tag\">Tatil Evi<\/a>                <\/div>\n\n                <div class=\"category_tagline\">\n\n                    8 Misafir <span>\u00b7<\/span> 4 Yatak Odas\u0131 <span>\u00b7<\/span> 5 Banyo                \n                <\/div>\n            \n\n                <div class=\"\" itemprop=\"offers\" itemscope itemtype=\"http:\/\/schema.org\/Offer\"> <link itemprop=\"url\" href=\"https:\/\/www.noramarmara.com\/tr\/holiday-home\/villa-the-gardan-2\/\"><meta itemprop=\"priceCurrency\" content=\"\u20ac\"><div class=\"price_unit\"><span itemprop=\"price\" content=\"257\">\u20ac 257<span class=\"pernight\"> \/gece<\/span><\/span><\/div><\/div>            <\/div>\n\n\n   \n\n\n\n\n\n    <\/div>\n<\/div>\n\n\n\n\n\n<div itemscope itemtype=\"http:\/\/schema.org\/Product\" class=\"listing_wrapper col-md-4 shortcode-col property_unit_v4  property_flex \" data-org=\"4\" data-listid=\"44704\">\n\n    \n    <div class=\"property_listing \">\n        \n\n            <div class=\"listing-unit-img-wrapper\"><div class=\"property_unit_action\">\n    <span class=\"icon-fav icon-fav-off\" data-original-title=\"favorilere ekle\" data-postid=\"44704\">\n        <svg viewbox=\"0 0 32 32\" xmlns=\"http:\/\/www.w3.org\/2000\/svg\" aria-hidden=\"true\" role=\"presentation\" focusable=\"false\" style=\"display: block;  height: 24px; width: 24px; stroke: #fff; stroke-width: 2; overflow: visible;\">\n<path d=\"m16 28c7-4.733 14-10 14-17 0-1.792-.683-3.583-2.05-4.95-1.367-1.366-3.158-2.05-4.95-2.05-1.791 0-3.583.684-4.949 2.05l-2.051 2.051-2.05-2.051c-1.367-1.366-3.158-2.05-4.95-2.05-1.791 0-3.583.684-4.949 2.05-1.367 1.367-2.051 3.158-2.051 4.95 0 7 7 12.267 14 17z\"><\/path>\n<\/svg><\/span>\n    <\/div><a href=\"https:\/\/www.noramarmara.com\/owners\/abdulaziz\/\" class=\"owner_thumb\" style=\"background-image: url(https:\/\/www.noramarmara.com\/wp-content\/themes\/wprentals-child\/img\/default_user_small.png)\"><\/a><a href=\"https:\/\/www.noramarmara.com\/tr\/holiday-home\/villa-the-gardan-3\/\" target=\"_self\"><img decoding=\"async\" itemprop=\"image\" src=\"https:\/\/www.noramarmara.com\/wp-content\/uploads\/2025\/04\/1-7-250x220-1.jpg\" class=\"b-lazy img-responsive wp-post-image lazy-hidden\" alt=\"Bah\u00e7eli villa 3\" loading=\"lazy\"><\/a><div class=\"price_unit_wrapper\"> <\/div><div class=\"\" itemprop=\"offers\" itemscope itemtype=\"http:\/\/schema.org\/Offer\"> <link itemprop=\"url\" href=\"https:\/\/www.noramarmara.com\/tr\/holiday-home\/villa-the-gardan-3\/\"><meta itemprop=\"priceCurrency\" content=\"\u20ac\"><div class=\"price_unit\"><span itemprop=\"price\" content=\"257\">\u20ac 257<span class=\"pernight\"> \/gece<\/span><\/span><\/div><\/div><\/div>\n       \n\n            <div class=\"property_status_wrapper\"><\/div>\n            <div class=\"wprentals-card-unit-details-wrapper\">\n\n                <div class=\"wprentals-card-unit-title-wrapper\">\n\n                    <a itemprop=\"url\" href=\"https:\/\/www.noramarmara.com\/tr\/holiday-home\/villa-the-gardan-3\/\" class=\"listing_title_unit\">\n    \n    \n   <span itemprop=\"name\">\n    Bah\u00e7eli villa 3    <\/span>\n<\/a>                <\/div>\n\n\n                <div class=\"category_tagline actions_icon\">\n                    <a href=\"https:\/\/www.noramarmara.com\/tr\/listings\/villa-tr-2\/\" rel=\"tag\">Villa<\/a> <span>\u00b7<\/span> <a href=\"https:\/\/www.noramarmara.com\/tr\/action\/tatil-evi\/\" rel=\"tag\">Tatil Evi<\/a>                <\/div>\n\n                <div class=\"category_tagline\">\n\n                    8 Misafir <span>\u00b7<\/span> 4 Yatak Odas\u0131 <span>\u00b7<\/span> 5 Banyo                \n                <\/div>\n            \n\n                <div class=\"\" itemprop=\"offers\" itemscope itemtype=\"http:\/\/schema.org\/Offer\"> <link itemprop=\"url\" href=\"https:\/\/www.noramarmara.com\/tr\/holiday-home\/villa-the-gardan-3\/\"><meta itemprop=\"priceCurrency\" content=\"\u20ac\"><div class=\"price_unit\"><span itemprop=\"price\" content=\"257\">\u20ac 257<span class=\"pernight\"> \/gece<\/span><\/span><\/div><\/div>            <\/div>\n\n\n   \n\n\n\n\n\n    <\/div>\n<\/div>\n\n\n<\/div><\/div>\t\t\t\t<\/div>\n\t\t\t\t<\/div>\n\t\t\t\t\t<\/div>\n\t\t\t\t<\/div>\n\t\t\t\t<\/div>\n\t\t<\/body>","protected":false},"excerpt":{"rendered":"<p>\u20ac 230 \/night featuredverified Villa the pool Villa The Pool \u00b7 Vacation Home 8 Guests \u00b7 4 Bedrooms \u00b7 5 Bathrooms \u20ac 230 \/night \u20ac 230 \/night featured Villa the Jacuzzi Pool Villa The Pool \u00b7 Vacation Home 8 Guests \u00b7 4 Bedrooms \u00b7 5 Bathrooms \u20ac 230 \/night \u20ac 210 \/night Villa the Gardan &#8230;<\/p>\n","protected":false},"author":10,"featured_media":0,"parent":0,"menu_order":0,"comment_status":"closed","ping_status":"closed","template":"elementor_header_footer","meta":{"nf_dc_page":"","inline_featured_image":false,"_monsterinsights_skip_tracking":false,"_monsterinsights_sitenote_active":false,"_monsterinsights_sitenote_note":"","_monsterinsights_sitenote_category":0,"footnotes":""},"class_list":["post-44749","page","type-page","status-publish","hentry"],"aioseo_notices":[],"_links":{"self":[{"href":"https:\/\/www.noramarmara.com\/tr\/wp-json\/wp\/v2\/pages\/44749","targetHints":{"allow":["GET"]}}],"collection":[{"href":"https:\/\/www.noramarmara.com\/tr\/wp-json\/wp\/v2\/pages"}],"about":[{"href":"https:\/\/www.noramarmara.com\/tr\/wp-json\/wp\/v2\/types\/page"}],"author":[{"embeddable":true,"href":"https:\/\/www.noramarmara.com\/tr\/wp-json\/wp\/v2\/users\/10"}],"replies":[{"embeddable":true,"href":"https:\/\/www.noramarmara.com\/tr\/wp-json\/wp\/v2\/comments?post=44749"}],"version-history":[{"count":5,"href":"https:\/\/www.noramarmara.com\/tr\/wp-json\/wp\/v2\/pages\/44749\/revisions"}],"predecessor-version":[{"id":45006,"href":"https:\/\/www.noramarmara.com\/tr\/wp-json\/wp\/v2\/pages\/44749\/revisions\/45006"}],"wp:attachment":[{"href":"https:\/\/www.noramarmara.com\/tr\/wp-json\/wp\/v2\/media?parent=44749"}],"curies":[{"name":"wp","href":"https:\/\/api.w.org\/{rel}","templated":true}]}}