{"id":45117,"date":"2025-04-24T06:41:04","date_gmt":"2025-04-24T06:41:04","guid":{"rendered":"https:\/\/noramarmara.com\/stagging\/about-2-2\/"},"modified":"2025-04-30T15:17:41","modified_gmt":"2025-04-30T15:17:41","slug":"about","status":"publish","type":"page","link":"https:\/\/www.noramarmara.com\/tr\/about\/","title":{"rendered":"Hakk\u0131nda"},"content":{"rendered":"<body>\t\t<div data-elementor-type=\"wp-page\" data-elementor-id=\"45117\" class=\"elementor elementor-45117 elementor-45112\" data-elementor-post-type=\"page\">\n\t\t\t\t\t\t<section class=\"elementor-section elementor-top-section elementor-element elementor-element-091c9ae elementor-section-stretched elementor-section-height-min-height elementor-section-boxed elementor-section-height-default elementor-section-items-middle\" data-id=\"091c9ae\" data-element_type=\"section\" data-settings='{\"stretch_section\":\"section-stretched\",\"background_background\":\"classic\"}'>\n\t\t\t\t\t\t\t<div class=\"elementor-background-overlay\"><\/div>\n\t\t\t\t\t\t\t<div class=\"elementor-container elementor-column-gap-no\">\n\t\t\t\t\t<div class=\"elementor-column elementor-col-100 elementor-top-column elementor-element elementor-element-743322c\" data-id=\"743322c\" data-element_type=\"column\">\n\t\t\t<div class=\"elementor-widget-wrap elementor-element-populated\">\n\t\t\t\t\t\t<div class=\"elementor-element elementor-element-8deb27e elementor-widget elementor-widget-heading\" data-id=\"8deb27e\" data-element_type=\"widget\" data-widget_type=\"heading.default\">\n\t\t\t\t<div class=\"elementor-widget-container\">\n\t\t\t\t\t<h2 class=\"elementor-heading-title elementor-size-default\">Hakk\u0131nda<\/h2>\t\t\t\t<\/div>\n\t\t\t\t<\/div>\n\t\t\t\t\t<\/div>\n\t\t<\/div>\n\t\t\t\t\t<\/div>\n\t\t<\/section>\n\t\t\t\t<section class=\"elementor-section elementor-top-section elementor-element elementor-element-a1897f2 elementor-section-boxed elementor-section-height-default elementor-section-height-default\" data-id=\"a1897f2\" data-element_type=\"section\" data-settings='{\"background_background\":\"classic\"}'>\n\t\t\t\t\t\t<div class=\"elementor-container elementor-column-gap-default\">\n\t\t\t\t\t<div class=\"elementor-column elementor-col-100 elementor-top-column elementor-element elementor-element-e8b733e\" data-id=\"e8b733e\" data-element_type=\"column\">\n\t\t\t<div class=\"elementor-widget-wrap elementor-element-populated\">\n\t\t\t\t\t\t<div class=\"elementor-element elementor-element-afe417c elementor-invisible elementor-widget elementor-widget-heading\" data-id=\"afe417c\" data-element_type=\"widget\" data-settings='{\"_animation\":\"fadeIn\"}' data-widget_type=\"heading.default\">\n\t\t\t\t<div class=\"elementor-widget-container\">\n\t\t\t\t\t<h2 class=\"elementor-heading-title elementor-size-default\">Hakk\u0131m\u0131zda<\/h2>\t\t\t\t<\/div>\n\t\t\t\t<\/div>\n\t\t\t\t<div class=\"elementor-element elementor-element-d8e7bd3 elementor-widget elementor-widget-text-editor\" data-id=\"d8e7bd3\" data-element_type=\"widget\" data-widget_type=\"text-editor.default\">\n\t\t\t\t<div class=\"elementor-widget-container\">\n\t\t\t\t\t\t\t\t\t<p>\u0130stanbul\u2019daki l\u00fcks ve konfor i\u00e7in en iyi adresiniz olan Nora Marmara Luxury Villas\u2019a ho\u015f geldiniz. Huzurlu B\u00fcy\u00fck\u00e7ekmece semtinde bulunan modern villalar\u0131m\u0131z, Marmara Denizi\u2019nin ve canl\u0131 \u015fehir sil\u00fcetinin muhte\u015fem panoramik manzaralar\u0131n\u0131 sunmaktad\u0131r. \u0130ster romantik bir ka\u00e7amak, ister bir aile tatili, ister bir grup inzivas\u0131 i\u00e7in ziyaret ediyor olun, villalar\u0131m\u0131z rahatlama ve rahatl\u0131\u011f\u0131n m\u00fckemmel bir kar\u0131\u015f\u0131m\u0131n\u0131 sunmak \u00fczere tasarlanm\u0131\u015ft\u0131r.  <\/p><p>Her villa geni\u015f ve zarif bir \u015fekilde d\u00f6\u015fenmi\u015f olup konforlu bir konaklama sa\u011flamak i\u00e7in \u00fcst d\u00fczey olanaklar sunmaktad\u0131r. Baz\u0131 villalarda \u00f6zel havuzlar\u0131n, geni\u015f teraslar\u0131n, g\u00fczel bah\u00e7elerin ve konforunuz i\u00e7in tam donan\u0131ml\u0131 \u015f\u0131k i\u00e7 mekanlar\u0131n keyfini \u00e7\u0131kar\u0131n. Villalarda klima, \u00fccretsiz Wi-Fi, tam donan\u0131ml\u0131 mutfaklar ve rahat oturma alanlar\u0131 bulunmaktad\u0131r. Ayr\u0131ca, arkada\u015flar\u0131n\u0131z ve ailenizle g\u00fczel manzaralar\u0131n tad\u0131n\u0131 \u00e7\u0131kar\u0131rken a\u00e7\u0131k havada yemek yemenin tad\u0131n\u0131 \u00e7\u0131karmak i\u00e7in ideal olan bir barbek\u00fc alan\u0131 da mevcuttur.   <\/p><p>Nefes kesen deniz ve \u015fehir manzaralar\u0131, ister villada dinlenin ister konuklar\u0131n\u0131z\u0131 d\u0131\u015far\u0131da a\u011f\u0131rlay\u0131n, konaklaman\u0131z i\u00e7in m\u00fckemmel bir fon olu\u015fturur. Villalar\u0131m\u0131z gizlilik ve l\u00fcks sunarak Kumsal Plaj\u0131, restoranlar, al\u0131\u015fveri\u015f merkezleri ve yak\u0131ndaki plajlar gibi en \u00f6nemli turistik yerlere kolay eri\u015fimle huzurlu bir ka\u00e7\u0131\u015f sa\u011flar. <\/p><p>Nora Marmara Luxury Villas\u2019ta, ola\u011fan\u00fcst\u00fc hizmet ve ki\u015fiselle\u015ftirilmi\u015f deneyimler sunmaktan gurur duyuyoruz. Ki\u015fiye \u00f6zel \u00f6nerilerden sorunsuz rezervasyona kadar, \u00f6zverili ekibimiz konaklaman\u0131z\u0131n m\u00fcmk\u00fcn oldu\u011funca kusursuz ve unutulmaz olmas\u0131n\u0131 sa\u011flar. Kendi \u00f6zel villan\u0131z\u0131n l\u00fcks\u00fcn\u00fcn tad\u0131n\u0131 \u00e7\u0131kar\u0131rken \u0130stanbul\u2019un en iyilerini ke\u015ffedin.  <\/p>\t\t\t\t\t\t\t\t<\/div>\n\t\t\t\t<\/div>\n\t\t\t\t\t<\/div>\n\t\t<\/div>\n\t\t\t\t\t<\/div>\n\t\t<\/section>\n\t\t\t\t<\/div>\n\t\t<\/body>","protected":false},"excerpt":{"rendered":"<p>Hakk\u0131nda Hakk\u0131m\u0131zda \u0130stanbul&#8217;daki l\u00fcks ve konfor i\u00e7in en iyi adresiniz olan Nora Marmara Luxury Villas&#8217;a ho\u015f geldiniz. Huzurlu B\u00fcy\u00fck\u00e7ekmece semtinde bulunan modern villalar\u0131m\u0131z, Marmara Denizi&#8217;nin ve canl\u0131 \u015fehir sil\u00fcetinin muhte\u015fem panoramik manzaralar\u0131n\u0131 sunmaktad\u0131r. \u0130ster romantik bir ka\u00e7amak, ister bir aile tatili, ister bir grup inzivas\u0131 i\u00e7in ziyaret ediyor olun, villalar\u0131m\u0131z rahatlama ve rahatl\u0131\u011f\u0131n m\u00fckemmel bir &#8230;<\/p>\n","protected":false},"author":10,"featured_media":0,"parent":0,"menu_order":0,"comment_status":"closed","ping_status":"closed","template":"elementor_header_footer","meta":{"nf_dc_page":"","inline_featured_image":false,"_monsterinsights_skip_tracking":false,"_monsterinsights_sitenote_active":false,"_monsterinsights_sitenote_note":"","_monsterinsights_sitenote_category":0,"footnotes":""},"class_list":["post-45117","page","type-page","status-publish","hentry"],"aioseo_notices":[],"_links":{"self":[{"href":"https:\/\/www.noramarmara.com\/tr\/wp-json\/wp\/v2\/pages\/45117","targetHints":{"allow":["GET"]}}],"collection":[{"href":"https:\/\/www.noramarmara.com\/tr\/wp-json\/wp\/v2\/pages"}],"about":[{"href":"https:\/\/www.noramarmara.com\/tr\/wp-json\/wp\/v2\/types\/page"}],"author":[{"embeddable":true,"href":"https:\/\/www.noramarmara.com\/tr\/wp-json\/wp\/v2\/users\/10"}],"replies":[{"embeddable":true,"href":"https:\/\/www.noramarmara.com\/tr\/wp-json\/wp\/v2\/comments?post=45117"}],"version-history":[{"count":4,"href":"https:\/\/www.noramarmara.com\/tr\/wp-json\/wp\/v2\/pages\/45117\/revisions"}],"predecessor-version":[{"id":45237,"href":"https:\/\/www.noramarmara.com\/tr\/wp-json\/wp\/v2\/pages\/45117\/revisions\/45237"}],"wp:attachment":[{"href":"https:\/\/www.noramarmara.com\/tr\/wp-json\/wp\/v2\/media?parent=45117"}],"curies":[{"name":"wp","href":"https:\/\/api.w.org\/{rel}","templated":true}]}}